{"id":91,"date":"2021-11-10T11:50:53","date_gmt":"2021-11-10T10:50:53","guid":{"rendered":"https:\/\/www.harnobo.se\/?page_id=91"},"modified":"2022-05-08T12:24:33","modified_gmt":"2022-05-08T10:24:33","slug":"snoskottning","status":"publish","type":"page","link":"https:\/\/www.harnobo.se\/index.php\/snoskottning\/","title":{"rendered":"Sn\u00f6skottning"},"content":{"rendered":"\n<div class=\"wp-block-columns is-layout-flex wp-container-core-columns-is-layout-9d6595d7 wp-block-columns-is-layout-flex\">\n<div class=\"wp-block-column is-layout-flow wp-block-column-is-layout-flow\">\n<p class=\"animated bounceInLeft duration3\"><meta charset=\"utf-8\">Vi skottar allt fr\u00e5n tak till g\u00e5rdsplaner och v\u00e4gar. Om du vill ha skottat helt automatisk s\u00e5 abonnera p\u00e5 v\u00e5r sn\u00f6skottningstj\u00e4nst. D\u00e5 kommer vi n\u00e4r det sn\u00f6at 4 cm bl\u00f6tsn\u00f6 eller 6cm torr sn\u00f6. Har du andra \u00f6nskem\u00e5l p\u00e5 niv\u00e5er eller vill sluta ett individuellt avtal s\u00e5 \u00e4r det bara att h\u00f6ra av dig. Med sin lilla storlek kommer v\u00e5r traktor fram n\u00e4stan \u00f6verallt. Vi kan skotta allt fr\u00e5n stora planer men \u00e4ven komma fram p\u00e5 mycket smala g\u00e5ngv\u00e4gar Med sin l\u00e4tthet ger den minimalt med avtryck i marken och risken f\u00f6r skador minimeras, men likv\u00e4l med ett gott resultat i sitt arbete.<\/p>\n<\/div>\n\n\n\n<div class=\"wp-block-column is-layout-flow wp-block-column-is-layout-flow\">\n<figure class=\"wp-block-image size-large animated bounceInRight duration3 is-style-default\"><img decoding=\"async\" src=\"https:\/\/www.harnobo.se\/wp-content\/uploads\/2021\/11\/traktor.jpg\" alt=\"\"\/><\/figure>\n<\/div>\n<\/div>\n","protected":false},"excerpt":{"rendered":"<p>Vi skottar allt fr\u00e5n tak till g\u00e5rdsplaner och v\u00e4gar. Om du vill ha skottat helt automatisk s\u00e5 abonnera p\u00e5 v\u00e5r sn\u00f6skottningstj\u00e4nst. D\u00e5 kommer vi n\u00e4r&hellip;<\/p>\n","protected":false},"author":1,"featured_media":0,"parent":0,"menu_order":0,"comment_status":"closed","ping_status":"closed","template":"","meta":{"footnotes":""},"class_list":["post-91","page","type-page","status-publish","hentry"],"_links":{"self":[{"href":"https:\/\/www.harnobo.se\/index.php\/wp-json\/wp\/v2\/pages\/91","targetHints":{"allow":["GET"]}}],"collection":[{"href":"https:\/\/www.harnobo.se\/index.php\/wp-json\/wp\/v2\/pages"}],"about":[{"href":"https:\/\/www.harnobo.se\/index.php\/wp-json\/wp\/v2\/types\/page"}],"author":[{"embeddable":true,"href":"https:\/\/www.harnobo.se\/index.php\/wp-json\/wp\/v2\/users\/1"}],"replies":[{"embeddable":true,"href":"https:\/\/www.harnobo.se\/index.php\/wp-json\/wp\/v2\/comments?post=91"}],"version-history":[{"count":6,"href":"https:\/\/www.harnobo.se\/index.php\/wp-json\/wp\/v2\/pages\/91\/revisions"}],"predecessor-version":[{"id":350,"href":"https:\/\/www.harnobo.se\/index.php\/wp-json\/wp\/v2\/pages\/91\/revisions\/350"}],"wp:attachment":[{"href":"https:\/\/www.harnobo.se\/index.php\/wp-json\/wp\/v2\/media?parent=91"}],"curies":[{"name":"wp","href":"https:\/\/api.w.org\/{rel}","templated":true}]}}