{"id":88,"date":"2021-11-10T11:48:53","date_gmt":"2021-11-10T10:48:53","guid":{"rendered":"https:\/\/www.harnobo.se\/?page_id=88"},"modified":"2022-05-08T12:27:09","modified_gmt":"2022-05-08T10:27:09","slug":"traktortjanster","status":"publish","type":"page","link":"https:\/\/www.harnobo.se\/index.php\/traktortjanster\/","title":{"rendered":"Traktortj\u00e4nster"},"content":{"rendered":"\n<div class=\"wp-block-columns is-layout-flex wp-container-core-columns-is-layout-9d6595d7 wp-block-columns-is-layout-flex\">\n<div class=\"wp-block-column is-layout-flow wp-block-column-is-layout-flow\">\n<p class=\"animated bounceInLeft duration3\"><meta charset=\"utf-8\">Med sin lilla storlek kommer v\u00e5r traktor fram n\u00e4stan \u00f6verallt. Vi kan skotta allt fr\u00e5n stora planer men \u00e4ven komma fram p\u00e5 mycket smala g\u00e5ngv\u00e4gar Med sin l\u00e4tthet ger den minimalt med avtryck i marken och risken f\u00f6r skador minimeras, men likv\u00e4l med ett gott resultat i sitt arbete. \u00c4ven v\u00e5r traktor \u00e4r ett led i v\u00e5r milj\u00f6medvetenhet. En liten traktor drar mindre br\u00e4nsle och \u00e4r l\u00e4ttare att underh\u00e5lla effekten blir mindre utsl\u00e4pp och oljel\u00e4ckage.<\/p>\n<\/div>\n\n\n\n<div class=\"wp-block-column is-layout-flow wp-block-column-is-layout-flow\">\n<figure class=\"wp-block-image size-large animated bounceInRight duration3\"><img decoding=\"async\" src=\"https:\/\/www.harnobo.se\/wp-content\/uploads\/2021\/11\/traktor.jpg\" alt=\"\"\/><\/figure>\n<\/div>\n<\/div>\n","protected":false},"excerpt":{"rendered":"<p>Med sin lilla storlek kommer v\u00e5r traktor fram n\u00e4stan \u00f6verallt. Vi kan skotta allt fr\u00e5n stora planer men \u00e4ven komma fram p\u00e5 mycket smala g\u00e5ngv\u00e4gar&hellip;<\/p>\n","protected":false},"author":1,"featured_media":0,"parent":0,"menu_order":0,"comment_status":"closed","ping_status":"closed","template":"","meta":{"footnotes":""},"class_list":["post-88","page","type-page","status-publish","hentry"],"_links":{"self":[{"href":"https:\/\/www.harnobo.se\/index.php\/wp-json\/wp\/v2\/pages\/88","targetHints":{"allow":["GET"]}}],"collection":[{"href":"https:\/\/www.harnobo.se\/index.php\/wp-json\/wp\/v2\/pages"}],"about":[{"href":"https:\/\/www.harnobo.se\/index.php\/wp-json\/wp\/v2\/types\/page"}],"author":[{"embeddable":true,"href":"https:\/\/www.harnobo.se\/index.php\/wp-json\/wp\/v2\/users\/1"}],"replies":[{"embeddable":true,"href":"https:\/\/www.harnobo.se\/index.php\/wp-json\/wp\/v2\/comments?post=88"}],"version-history":[{"count":3,"href":"https:\/\/www.harnobo.se\/index.php\/wp-json\/wp\/v2\/pages\/88\/revisions"}],"predecessor-version":[{"id":353,"href":"https:\/\/www.harnobo.se\/index.php\/wp-json\/wp\/v2\/pages\/88\/revisions\/353"}],"wp:attachment":[{"href":"https:\/\/www.harnobo.se\/index.php\/wp-json\/wp\/v2\/media?parent=88"}],"curies":[{"name":"wp","href":"https:\/\/api.w.org\/{rel}","templated":true}]}}