{"id":83,"date":"2021-11-10T11:46:26","date_gmt":"2021-11-10T10:46:26","guid":{"rendered":"https:\/\/www.harnobo.se\/?page_id=83"},"modified":"2022-05-08T12:16:51","modified_gmt":"2022-05-08T10:16:51","slug":"gravning","status":"publish","type":"page","link":"https:\/\/www.harnobo.se\/index.php\/gravning\/","title":{"rendered":"Gr\u00e4vning"},"content":{"rendered":"\n<div class=\"wp-block-columns is-layout-flex wp-container-core-columns-is-layout-9d6595d7 wp-block-columns-is-layout-flex\">\n<div class=\"wp-block-column is-layout-flow wp-block-column-is-layout-flow\">\n<p class=\"animated bounceInLeft duration3\"><meta charset=\"utf-8\">Vi g\u00f6r gr\u00e4vningar med en liten gr\u00e4vmaskin som enkelt kopplas till en bil f\u00f6r snabb transport. Med sin l\u00e5ga vikt g\u00f6r den mycket sm\u00e5 eller inga m\u00e4rken p\u00e5 marken. Vi har specialiserat oss p\u00e5 sm\u00e5 och snabba uppdrag till l\u00e5g kostnad.<\/p>\n<\/div>\n\n\n\n<div class=\"wp-block-column is-layout-flow wp-block-column-is-layout-flow\">\n<figure class=\"wp-block-image size-large animated bounceInRight duration3\"><img decoding=\"async\" src=\"https:\/\/www.harnobo.se\/wp-content\/uploads\/2021\/11\/grav.jpg\" alt=\"\"\/><\/figure>\n<\/div>\n<\/div>\n","protected":false},"excerpt":{"rendered":"<p>Vi g\u00f6r gr\u00e4vningar med en liten gr\u00e4vmaskin som enkelt kopplas till en bil f\u00f6r snabb transport. Med sin l\u00e5ga vikt g\u00f6r den mycket sm\u00e5 eller&hellip;<\/p>\n","protected":false},"author":1,"featured_media":0,"parent":0,"menu_order":0,"comment_status":"closed","ping_status":"closed","template":"","meta":{"footnotes":""},"class_list":["post-83","page","type-page","status-publish","hentry"],"_links":{"self":[{"href":"https:\/\/www.harnobo.se\/index.php\/wp-json\/wp\/v2\/pages\/83","targetHints":{"allow":["GET"]}}],"collection":[{"href":"https:\/\/www.harnobo.se\/index.php\/wp-json\/wp\/v2\/pages"}],"about":[{"href":"https:\/\/www.harnobo.se\/index.php\/wp-json\/wp\/v2\/types\/page"}],"author":[{"embeddable":true,"href":"https:\/\/www.harnobo.se\/index.php\/wp-json\/wp\/v2\/users\/1"}],"replies":[{"embeddable":true,"href":"https:\/\/www.harnobo.se\/index.php\/wp-json\/wp\/v2\/comments?post=83"}],"version-history":[{"count":4,"href":"https:\/\/www.harnobo.se\/index.php\/wp-json\/wp\/v2\/pages\/83\/revisions"}],"predecessor-version":[{"id":348,"href":"https:\/\/www.harnobo.se\/index.php\/wp-json\/wp\/v2\/pages\/83\/revisions\/348"}],"wp:attachment":[{"href":"https:\/\/www.harnobo.se\/index.php\/wp-json\/wp\/v2\/media?parent=83"}],"curies":[{"name":"wp","href":"https:\/\/api.w.org\/{rel}","templated":true}]}}