{"id":80,"date":"2021-11-10T11:45:11","date_gmt":"2021-11-10T10:45:11","guid":{"rendered":"https:\/\/www.harnobo.se\/?page_id=80"},"modified":"2022-05-08T12:25:09","modified_gmt":"2022-05-08T10:25:09","slug":"stubbfrasning","status":"publish","type":"page","link":"https:\/\/www.harnobo.se\/index.php\/stubbfrasning\/","title":{"rendered":"Stubbfr\u00e4sning"},"content":{"rendered":"\n<div class=\"wp-block-columns is-layout-flex wp-container-core-columns-is-layout-9d6595d7 wp-block-columns-is-layout-flex\">\n<div class=\"wp-block-column is-layout-flow wp-block-column-is-layout-flow\">\n<p class=\"animated bounceInLeft duration3\"><meta charset=\"utf-8\">Vi tar bort dina stubbar enkelt och effektivt.<br>Med sin lilla storlek kommer den in n\u00e4stan \u00f6verallt och l\u00e4mnar inga m\u00e4rken efter sig f\u00f6rutom en grop d\u00e4r det en g\u00e5ng var en irriterande stubbe.<br>Vi fyller givetvis igen gropen med matjord och s\u00e5r gr\u00e4smatta.<br>Om du s\u00e5 \u00f6nskar och fraktar bort fr\u00e4sresterna.<\/p>\n<\/div>\n\n\n\n<div class=\"wp-block-column is-layout-flow wp-block-column-is-layout-flow\">\n<figure class=\"wp-block-image size-large animated bounceInRight duration3\"><img decoding=\"async\" src=\"https:\/\/www.harnobo.se\/wp-content\/uploads\/2021\/11\/stubb.jpg\" alt=\"\"\/><\/figure>\n<\/div>\n<\/div>\n","protected":false},"excerpt":{"rendered":"<p>Vi tar bort dina stubbar enkelt och effektivt.Med sin lilla storlek kommer den in n\u00e4stan \u00f6verallt och l\u00e4mnar inga m\u00e4rken efter sig f\u00f6rutom en grop&hellip;<\/p>\n","protected":false},"author":1,"featured_media":0,"parent":0,"menu_order":0,"comment_status":"closed","ping_status":"closed","template":"","meta":{"footnotes":""},"class_list":["post-80","page","type-page","status-publish","hentry"],"_links":{"self":[{"href":"https:\/\/www.harnobo.se\/index.php\/wp-json\/wp\/v2\/pages\/80","targetHints":{"allow":["GET"]}}],"collection":[{"href":"https:\/\/www.harnobo.se\/index.php\/wp-json\/wp\/v2\/pages"}],"about":[{"href":"https:\/\/www.harnobo.se\/index.php\/wp-json\/wp\/v2\/types\/page"}],"author":[{"embeddable":true,"href":"https:\/\/www.harnobo.se\/index.php\/wp-json\/wp\/v2\/users\/1"}],"replies":[{"embeddable":true,"href":"https:\/\/www.harnobo.se\/index.php\/wp-json\/wp\/v2\/comments?post=80"}],"version-history":[{"count":4,"href":"https:\/\/www.harnobo.se\/index.php\/wp-json\/wp\/v2\/pages\/80\/revisions"}],"predecessor-version":[{"id":351,"href":"https:\/\/www.harnobo.se\/index.php\/wp-json\/wp\/v2\/pages\/80\/revisions\/351"}],"wp:attachment":[{"href":"https:\/\/www.harnobo.se\/index.php\/wp-json\/wp\/v2\/media?parent=80"}],"curies":[{"name":"wp","href":"https:\/\/api.w.org\/{rel}","templated":true}]}}