{"id":75,"date":"2021-11-10T11:44:14","date_gmt":"2021-11-10T10:44:14","guid":{"rendered":"https:\/\/www.harnobo.se\/?page_id=75"},"modified":"2022-05-08T12:15:09","modified_gmt":"2022-05-08T10:15:09","slug":"grasklippning","status":"publish","type":"page","link":"https:\/\/www.harnobo.se\/index.php\/grasklippning\/","title":{"rendered":"Gr\u00e4sklippning"},"content":{"rendered":"\n<div class=\"wp-block-columns is-layout-flex wp-container-core-columns-is-layout-9d6595d7 wp-block-columns-is-layout-flex\">\n<div class=\"wp-block-column is-layout-flow wp-block-column-is-layout-flow\">\n<p class=\"animated bounceInLeft duration3\"><meta charset=\"utf-8\">Vi har maskinerna och kunskapen att klippa allt fr\u00e5n sm\u00e5 till stora gr\u00e4smattor.<br>Om du \u00e4r villa\u00e4gare eller representerar en fastighets\u00e4gare, bostadsr\u00e4ttsf\u00f6rening eller samf\u00e4llighet s\u00e5 har vi maskinerna och kunskapen att klippa din gr\u00e4smatta. Om du endast vill ha klippt n\u00e5gra enstaka g\u00e5nger eller hela sommaren spelar ingen roll.<br>Naturligtvis trimmar vi kanter och runt buskar, allt enligt dina \u00f6nskem\u00e5l.<\/p>\n<\/div>\n\n\n\n<div class=\"wp-block-column is-layout-flow wp-block-column-is-layout-flow\">\n<figure class=\"wp-block-image size-large animated bounceInRight duration3 is-style-default\"><img decoding=\"async\" src=\"https:\/\/www.harnobo.se\/wp-content\/uploads\/2021\/11\/gras.jpg\" alt=\"\"\/><\/figure>\n<\/div>\n<\/div>\n","protected":false},"excerpt":{"rendered":"<p>Vi har maskinerna och kunskapen att klippa allt fr\u00e5n sm\u00e5 till stora gr\u00e4smattor.Om du \u00e4r villa\u00e4gare eller representerar en fastighets\u00e4gare, bostadsr\u00e4ttsf\u00f6rening eller samf\u00e4llighet s\u00e5 har&hellip;<\/p>\n","protected":false},"author":1,"featured_media":0,"parent":0,"menu_order":0,"comment_status":"closed","ping_status":"closed","template":"","meta":{"footnotes":""},"class_list":["post-75","page","type-page","status-publish","hentry"],"_links":{"self":[{"href":"https:\/\/www.harnobo.se\/index.php\/wp-json\/wp\/v2\/pages\/75","targetHints":{"allow":["GET"]}}],"collection":[{"href":"https:\/\/www.harnobo.se\/index.php\/wp-json\/wp\/v2\/pages"}],"about":[{"href":"https:\/\/www.harnobo.se\/index.php\/wp-json\/wp\/v2\/types\/page"}],"author":[{"embeddable":true,"href":"https:\/\/www.harnobo.se\/index.php\/wp-json\/wp\/v2\/users\/1"}],"replies":[{"embeddable":true,"href":"https:\/\/www.harnobo.se\/index.php\/wp-json\/wp\/v2\/comments?post=75"}],"version-history":[{"count":9,"href":"https:\/\/www.harnobo.se\/index.php\/wp-json\/wp\/v2\/pages\/75\/revisions"}],"predecessor-version":[{"id":347,"href":"https:\/\/www.harnobo.se\/index.php\/wp-json\/wp\/v2\/pages\/75\/revisions\/347"}],"wp:attachment":[{"href":"https:\/\/www.harnobo.se\/index.php\/wp-json\/wp\/v2\/media?parent=75"}],"curies":[{"name":"wp","href":"https:\/\/api.w.org\/{rel}","templated":true}]}}