{"id":72,"date":"2021-11-10T11:42:42","date_gmt":"2021-11-10T10:42:42","guid":{"rendered":"https:\/\/www.harnobo.se\/?page_id=72"},"modified":"2022-05-08T12:26:22","modified_gmt":"2022-05-08T10:26:22","slug":"tradgardstjanster","status":"publish","type":"page","link":"https:\/\/www.harnobo.se\/index.php\/tradgardstjanster\/","title":{"rendered":"Tr\u00e4dg\u00e5rdstj\u00e4nster"},"content":{"rendered":"\n<div class=\"wp-block-columns is-layout-flex wp-container-core-columns-is-layout-9d6595d7 wp-block-columns-is-layout-flex\">\n<div class=\"wp-block-column is-layout-flow wp-block-column-is-layout-flow\">\n<p class=\"animated bounceInLeft duration3\"><meta charset=\"utf-8\">Vi hj\u00e4lper dig med sm\u00e5tt som stort i din tr\u00e4dg\u00e5rd.<br>Om du vill att n\u00e5gon klipper h\u00e4cken eller flyttar en buske, Kanske tr\u00e4det d\u00e4r hemma p\u00e5 tomten blivit f\u00f6r stort.<br>Vi hittar en l\u00f6sning \u00e5t dig<br>Har du st\u00f6rre eller tyngre planer.<br>Gick ditt projekt inte riktigt som du t\u00e4nkt dig.<br>Har du k\u00f6rt fast? Kanske s\u00e5nt som beh\u00f6ver maskiner eller specialkunskap.<br>Kontakta oss s\u00e5 kommer vi f\u00f6rbi tittar, Du kan f\u00e5 ett prisf\u00f6rslag meddetsamma<br>Naturligtvis s\u00e5 \u00e4r du som privatperson ber\u00e4ttigad till RUT (Hush\u00e5llsn\u00e4ra tj\u00e4nst) avdrag f\u00f6r tr\u00e4dg\u00e5rdsarbeten.<br><br>Om du har ett hyreshus eller representerar bostadsr\u00e4ttsf\u00f6rening eller samf\u00e4llighet s\u00e5 kan vi erbjuda underh\u00e5ll f\u00f6r en fast m\u00e5nadskostnad.<br>Du v\u00e4ljer vad du vill ha gjort och sedan kan du slappna av och saker sk\u00f6ter sig sj\u00e4lv.<br>Detta g\u00f6r att du kan planera din ekonomi och slipper gigantiska fakturor om det skulle t ex sn\u00f6a extra mycket en vinter.<br>Vi \u00e4r helt digitaliserade s\u00e5 att du kan se n\u00e4r vi kom, Vad vi gjorde och n\u00e4r vi var klara.<br>Allt \u00e4r bara ett klick bort.<\/p>\n<\/div>\n\n\n\n<div class=\"wp-block-column is-layout-flow wp-block-column-is-layout-flow\">\n<figure class=\"wp-block-image size-large animated bounceInRight duration3\"><img decoding=\"async\" src=\"https:\/\/www.harnobo.se\/wp-content\/uploads\/2021\/11\/tradgard.jpg\" alt=\"\"\/><\/figure>\n<\/div>\n<\/div>\n","protected":false},"excerpt":{"rendered":"<p>Vi hj\u00e4lper dig med sm\u00e5tt som stort i din tr\u00e4dg\u00e5rd.Om du vill att n\u00e5gon klipper h\u00e4cken eller flyttar en buske, Kanske tr\u00e4det d\u00e4r hemma p\u00e5&hellip;<\/p>\n","protected":false},"author":1,"featured_media":0,"parent":0,"menu_order":0,"comment_status":"closed","ping_status":"closed","template":"","meta":{"footnotes":""},"class_list":["post-72","page","type-page","status-publish","hentry"],"_links":{"self":[{"href":"https:\/\/www.harnobo.se\/index.php\/wp-json\/wp\/v2\/pages\/72","targetHints":{"allow":["GET"]}}],"collection":[{"href":"https:\/\/www.harnobo.se\/index.php\/wp-json\/wp\/v2\/pages"}],"about":[{"href":"https:\/\/www.harnobo.se\/index.php\/wp-json\/wp\/v2\/types\/page"}],"author":[{"embeddable":true,"href":"https:\/\/www.harnobo.se\/index.php\/wp-json\/wp\/v2\/users\/1"}],"replies":[{"embeddable":true,"href":"https:\/\/www.harnobo.se\/index.php\/wp-json\/wp\/v2\/comments?post=72"}],"version-history":[{"count":3,"href":"https:\/\/www.harnobo.se\/index.php\/wp-json\/wp\/v2\/pages\/72\/revisions"}],"predecessor-version":[{"id":352,"href":"https:\/\/www.harnobo.se\/index.php\/wp-json\/wp\/v2\/pages\/72\/revisions\/352"}],"wp:attachment":[{"href":"https:\/\/www.harnobo.se\/index.php\/wp-json\/wp\/v2\/media?parent=72"}],"curies":[{"name":"wp","href":"https:\/\/api.w.org\/{rel}","templated":true}]}}