{"id":53,"date":"2021-11-10T11:21:19","date_gmt":"2021-11-10T10:21:19","guid":{"rendered":"https:\/\/www.harnobo.se\/?page_id=53"},"modified":"2022-05-08T12:30:19","modified_gmt":"2022-05-08T10:30:19","slug":"vara-fastigheter","status":"publish","type":"page","link":"https:\/\/www.harnobo.se\/index.php\/vara-fastigheter\/","title":{"rendered":"V\u00e5ra fastigheter"},"content":{"rendered":"\n<div class=\"wp-block-media-text alignwide has-media-on-the-right is-stacked-on-mobile is-vertically-aligned-center\"><figure class=\"wp-block-media-text__media\"><img loading=\"lazy\" decoding=\"async\" width=\"1024\" height=\"768\" src=\"https:\/\/www.harnobo.se\/wp-content\/uploads\/2022\/02\/bondsjogatan-1024x768.jpg\" alt=\"\" class=\"wp-image-170 size-full\" srcset=\"https:\/\/www.harnobo.se\/wp-content\/uploads\/2022\/02\/bondsjogatan-1024x768.jpg 1024w, https:\/\/www.harnobo.se\/wp-content\/uploads\/2022\/02\/bondsjogatan-300x225.jpg 300w, https:\/\/www.harnobo.se\/wp-content\/uploads\/2022\/02\/bondsjogatan-768x576.jpg 768w, https:\/\/www.harnobo.se\/wp-content\/uploads\/2022\/02\/bondsjogatan-1536x1152.jpg 1536w, https:\/\/www.harnobo.se\/wp-content\/uploads\/2022\/02\/bondsjogatan.jpg 2000w\" sizes=\"auto, (max-width: 1024px) 100vw, 1024px\" \/><\/figure><div class=\"wp-block-media-text__content\">\n<p class=\"animated bounceIn duration3 eds-on-scroll\"><meta charset=\"utf-8\"><strong>V\u00e4stra Bondsj\u00f6gatan 33b<\/strong><br>Fyrfamiljsvilla i lugnt omr\u00e5de med villak\u00e4nsla.<br>Fiber via servanet.<br>Tv\u00e4ttstuga med tv\u00e4ttmaskin och torktumlare.<br>G\u00e5ngavst\u00e5nd till livsmedelsaff\u00e4r, skola och f\u00f6rskola.<\/p>\n<\/div><\/div>\n\n\n\n<div class=\"wp-block-media-text alignwide is-stacked-on-mobile\"><figure class=\"wp-block-media-text__media\"><img loading=\"lazy\" decoding=\"async\" width=\"1024\" height=\"768\" src=\"https:\/\/www.harnobo.se\/wp-content\/uploads\/2022\/02\/torsgatan-1024x768.jpg\" alt=\"\" class=\"wp-image-172 size-full\" srcset=\"https:\/\/www.harnobo.se\/wp-content\/uploads\/2022\/02\/torsgatan-1024x768.jpg 1024w, https:\/\/www.harnobo.se\/wp-content\/uploads\/2022\/02\/torsgatan-300x225.jpg 300w, https:\/\/www.harnobo.se\/wp-content\/uploads\/2022\/02\/torsgatan-768x576.jpg 768w, https:\/\/www.harnobo.se\/wp-content\/uploads\/2022\/02\/torsgatan-1536x1152.jpg 1536w, https:\/\/www.harnobo.se\/wp-content\/uploads\/2022\/02\/torsgatan.jpg 2000w\" sizes=\"auto, (max-width: 1024px) 100vw, 1024px\" \/><\/figure><div class=\"wp-block-media-text__content\">\n<p class=\"animated bounceIn duration3 eds-on-scroll\"><strong>Torsgatan 5-7<br><\/strong>Fyrfamiljsvilla i lugnt omr\u00e5de med villak\u00e4nsla.<br>Fiber via servanet.<br>Tv\u00e4ttstuga med tv\u00e4ttmaskin och torktumlare.<br>G\u00e5ngavst\u00e5nd till livsmedelsaff\u00e4r, skola och f\u00f6rskola.<\/p>\n<\/div><\/div>\n\n\n\n<div class=\"wp-block-media-text alignwide has-media-on-the-right is-stacked-on-mobile is-vertically-aligned-center\"><figure class=\"wp-block-media-text__media\"><img loading=\"lazy\" decoding=\"async\" width=\"1024\" height=\"768\" src=\"https:\/\/www.harnobo.se\/wp-content\/uploads\/2022\/02\/parkgatan-1024x768.jpg\" alt=\"\" class=\"wp-image-171 size-full\" srcset=\"https:\/\/www.harnobo.se\/wp-content\/uploads\/2022\/02\/parkgatan-1024x768.jpg 1024w, https:\/\/www.harnobo.se\/wp-content\/uploads\/2022\/02\/parkgatan-300x225.jpg 300w, https:\/\/www.harnobo.se\/wp-content\/uploads\/2022\/02\/parkgatan-768x576.jpg 768w, https:\/\/www.harnobo.se\/wp-content\/uploads\/2022\/02\/parkgatan-1536x1152.jpg 1536w, https:\/\/www.harnobo.se\/wp-content\/uploads\/2022\/02\/parkgatan.jpg 2000w\" sizes=\"auto, (max-width: 1024px) 100vw, 1024px\" \/><\/figure><div class=\"wp-block-media-text__content\">\n<p class=\"animated bounceIn duration3 eds-on-scroll\"><strong>Parkgatan 24<br><\/strong>Fyrfamiljsvilla i lugnt omr\u00e5de med villak\u00e4nsla.<br>Tillg\u00e5ng till gr\u00e4smatta f\u00f6r grillning och \u00f6vriga fritidsaktiviteter.<br>Samtliga l\u00e4genheter har balkong.<br>Tv\u00e4ttstuga med tv\u00e4ttmaskin och torktumlare.<br>Fiber via servanet.<br>G\u00e5ngavst\u00e5nd till livsmedelsaff\u00e4r.<\/p>\n<\/div><\/div>\n","protected":false},"excerpt":{"rendered":"<p>V\u00e4stra Bondsj\u00f6gatan 33bFyrfamiljsvilla i lugnt omr\u00e5de med villak\u00e4nsla.Fiber via servanet.Tv\u00e4ttstuga med tv\u00e4ttmaskin och torktumlare.G\u00e5ngavst\u00e5nd till livsmedelsaff\u00e4r, skola och f\u00f6rskola. Torsgatan 5-7Fyrfamiljsvilla i lugnt omr\u00e5de med&hellip;<\/p>\n","protected":false},"author":1,"featured_media":0,"parent":0,"menu_order":0,"comment_status":"closed","ping_status":"closed","template":"","meta":{"footnotes":""},"class_list":["post-53","page","type-page","status-publish","hentry"],"_links":{"self":[{"href":"https:\/\/www.harnobo.se\/index.php\/wp-json\/wp\/v2\/pages\/53","targetHints":{"allow":["GET"]}}],"collection":[{"href":"https:\/\/www.harnobo.se\/index.php\/wp-json\/wp\/v2\/pages"}],"about":[{"href":"https:\/\/www.harnobo.se\/index.php\/wp-json\/wp\/v2\/types\/page"}],"author":[{"embeddable":true,"href":"https:\/\/www.harnobo.se\/index.php\/wp-json\/wp\/v2\/users\/1"}],"replies":[{"embeddable":true,"href":"https:\/\/www.harnobo.se\/index.php\/wp-json\/wp\/v2\/comments?post=53"}],"version-history":[{"count":37,"href":"https:\/\/www.harnobo.se\/index.php\/wp-json\/wp\/v2\/pages\/53\/revisions"}],"predecessor-version":[{"id":354,"href":"https:\/\/www.harnobo.se\/index.php\/wp-json\/wp\/v2\/pages\/53\/revisions\/354"}],"wp:attachment":[{"href":"https:\/\/www.harnobo.se\/index.php\/wp-json\/wp\/v2\/media?parent=53"}],"curies":[{"name":"wp","href":"https:\/\/api.w.org\/{rel}","templated":true}]}}