{"id":29,"date":"2021-11-10T10:34:06","date_gmt":"2021-11-10T09:34:06","guid":{"rendered":"https:\/\/www.harnobo.se\/wordpress\/?page_id=29"},"modified":"2024-10-20T20:28:28","modified_gmt":"2024-10-20T18:28:28","slug":"om-oss","status":"publish","type":"page","link":"https:\/\/www.harnobo.se\/index.php\/om-oss\/","title":{"rendered":"Om oss"},"content":{"rendered":"\n<div class=\"wp-block-columns is-layout-flex wp-container-core-columns-is-layout-9d6595d7 wp-block-columns-is-layout-flex\">\n<div class=\"wp-block-column is-layout-flow wp-block-column-is-layout-flow\">\n<p class=\"animated bounceInLeft duration3\"><meta charset=\"utf-8\">H\u00e4rn\u00f6Bos filosofi \u00e4r enkel.<br>Att skapa ett tryggt och behagligt boende.<br>Vi vill h\u00e5lla v\u00e5ra hyresg\u00e4ster med omv\u00e5rdnad, likav\u00e4l som vi vill ha omtanke till milj\u00f6n.<br><br>Bolaget har gamla anor och det blev grundat 1971.<br>D\u00e4rf\u00f6r finns det en stor och l\u00e5ng erfarenhet att f\u00f6rvalta fastigheter f\u00f6r att kunna ge den mesta m\u00f6jliga trevnad till v\u00e5ra hyresg\u00e4ster. Fr\u00e5n den dagen bolaget bildades har det f\u00f6rvaltats av familjen Bergman, som p\u00e5 lika villkor jobbar sida vid sida.<br>V\u00e5r ambition \u00e4r \u00e4r att alltid ha en dialog med s\u00e5v\u00e4l gamla som nya kunder och hyresg\u00e4ster.<br><br>Vi ser regelbundet \u00f6ver v\u00e5r verksamhet f\u00f6r att hitta s\u00e4tt att p\u00e5verka v\u00e5r milj\u00f6 positivt.<br>Det har gett effekten att vi i slut\u00e4ndan sparar pengar, som vi kan ge tillbaka till v\u00e5ra kunder och hyresg\u00e4ster genom att investera tillbaka dem i v\u00e5r verksamhet.<br><br>Tveka inte att kontakta oss. Det kan vara din chans till en helt ny typ av boende.<\/p>\n<\/div>\n\n\n\n<div class=\"wp-block-column is-layout-flow wp-block-column-is-layout-flow\">\n<figure class=\"wp-block-image size-large animated bounceIn duration3 eds-on-scroll\"><img loading=\"lazy\" decoding=\"async\" width=\"1024\" height=\"731\" src=\"https:\/\/www.harnobo.se\/wp-content\/uploads\/2024\/10\/HarnoBo-edit-1024x731.jpg\" alt=\"\" class=\"wp-image-433\" srcset=\"https:\/\/www.harnobo.se\/wp-content\/uploads\/2024\/10\/HarnoBo-edit-1024x731.jpg 1024w, https:\/\/www.harnobo.se\/wp-content\/uploads\/2024\/10\/HarnoBo-edit-300x214.jpg 300w, https:\/\/www.harnobo.se\/wp-content\/uploads\/2024\/10\/HarnoBo-edit-768x548.jpg 768w, https:\/\/www.harnobo.se\/wp-content\/uploads\/2024\/10\/HarnoBo-edit.jpg 1419w\" sizes=\"auto, (max-width: 1024px) 100vw, 1024px\" \/><\/figure>\n<\/div>\n<\/div>\n","protected":false},"excerpt":{"rendered":"<p>H\u00e4rn\u00f6Bos filosofi \u00e4r enkel.Att skapa ett tryggt och behagligt boende.Vi vill h\u00e5lla v\u00e5ra hyresg\u00e4ster med omv\u00e5rdnad, likav\u00e4l som vi vill ha omtanke till milj\u00f6n. Bolaget&hellip;<\/p>\n","protected":false},"author":1,"featured_media":0,"parent":0,"menu_order":0,"comment_status":"closed","ping_status":"closed","template":"","meta":{"footnotes":""},"class_list":["post-29","page","type-page","status-publish","hentry"],"_links":{"self":[{"href":"https:\/\/www.harnobo.se\/index.php\/wp-json\/wp\/v2\/pages\/29","targetHints":{"allow":["GET"]}}],"collection":[{"href":"https:\/\/www.harnobo.se\/index.php\/wp-json\/wp\/v2\/pages"}],"about":[{"href":"https:\/\/www.harnobo.se\/index.php\/wp-json\/wp\/v2\/types\/page"}],"author":[{"embeddable":true,"href":"https:\/\/www.harnobo.se\/index.php\/wp-json\/wp\/v2\/users\/1"}],"replies":[{"embeddable":true,"href":"https:\/\/www.harnobo.se\/index.php\/wp-json\/wp\/v2\/comments?post=29"}],"version-history":[{"count":26,"href":"https:\/\/www.harnobo.se\/index.php\/wp-json\/wp\/v2\/pages\/29\/revisions"}],"predecessor-version":[{"id":434,"href":"https:\/\/www.harnobo.se\/index.php\/wp-json\/wp\/v2\/pages\/29\/revisions\/434"}],"wp:attachment":[{"href":"https:\/\/www.harnobo.se\/index.php\/wp-json\/wp\/v2\/media?parent=29"}],"curies":[{"name":"wp","href":"https:\/\/api.w.org\/{rel}","templated":true}]}}